{"id":5305,"date":"2020-03-15T20:05:48","date_gmt":"2020-03-15T20:05:48","guid":{"rendered":"http:\/\/therapieland.nl\/staging\/?page_id=5305"},"modified":"2022-01-27T13:35:46","modified_gmt":"2022-01-27T13:35:46","slug":"beeldbellen","status":"publish","type":"page","link":"https:\/\/therapieland.nl\/staging\/beeldbellen\/","title":{"rendered":"Beeldbellen"},"content":{"rendered":"<p>[vc_row][vc_column][vc_column_text][\/vc_column_text][\/vc_column][\/vc_row][vc_row][vc_column width=&#8221;1\/2&#8243;][vc_column_text][\/vc_column_text][vc_column_text]<\/p>\n<h4><b>Beeldzorg van Therapieland<\/b><\/h4>\n<p><span style=\"font-weight: 400;\">Met beeldbellen (videobellen) in de zorg kun je veilig en makkelijk op afstand zorg verlenen aan je cli\u00ebnten. De beeldfunctionaliteit van Therapieland is <\/span>volledig gericht op het kunnen voeren van consulten met cli\u00ebnten en overleggen met collega&#8217;s.<\/p>\n<p>Uiteraard is de veiligheid van de beeldbel gesprekken hierbij van groot belang.\u00a0<span style=\"font-weight: 400;\">Het Therapieland platform is ISO 27001 en NEN 7510 gecertificeerd, wat betekent dat wij onze informatiebeveiliging volgens de norm waarborgen. Ook is onze beeldbelfunctionaliteit AVG-proof.<\/span><\/p>\n<p>&nbsp;<\/p>\n<h4><b>Zo werkt beeldbellen in de zorg<\/b><\/h4>\n<p><span style=\"font-weight: 400;\">Beeldschermzorg verlenen is via Therapieland makkelijk en veilig. Met slechts \u00e9\u00e9n druk op de knop start je het gesprek om te videobellen met jouw cli\u00ebnt. En dat zonder extra software of een applicatie te installeren. Beeldschermzorg is namelijk volledig ge\u00efntegreerd in het platform van Therapieland.<\/span><\/p>\n<p>&nbsp;<\/p>\n<h4><b>Beeldschermzorg is d\u00e9 oplossing tijdens de coronacrisis<\/b><\/h4>\n<p><span style=\"font-weight: 400;\">Beeldzorg verlenen is belangrijker dan ooit. Vanwege de coronacrisis moeten veel behandelingen op afstand worden gedaan. Overstappen op e-Health toepassingen is daarom essentieel. Voor veel behandelaren is beeldbellen of videobellen in de zorg nieuw. Maar geen zorgen, moeilijk is het niet. Psycholoog Rixta Vriend maakt al jaren intensief gebruik van beeldbellen en de online programma\u2019s van Therapieland. Lees haar ervaringen <a href=\"http:\/\/therapieland.nl\/staging\/nieuws\/interview-met-rixta-vriend\/\">hier<\/a>.<\/span>[\/vc_column_text][vc_empty_space height=&#8221;50px&#8221;][vc_btn title=&#8221;Vraag direct je proefaccount aan!&#8221; style=&#8221;custom&#8221; custom_background=&#8221;#f6a000&#8243; custom_text=&#8221;#ffffff&#8221; shape=&#8221;round&#8221; link=&#8221;url:%2Faccounts-aanvragen%2F||target:%20_blank|&#8221; el_class=&#8221;cta-btn btn-flat-orange btn-arrow-smlwhite btn-start&#8221;][vc_empty_space height=&#8221;50px&#8221;][\/vc_column][vc_column width=&#8221;1\/2&#8243;][vc_empty_space height=&#8221;50px&#8221;][vc_single_image image=&#8221;8483&#8243; img_size=&#8221;large&#8221;][\/vc_column][\/vc_row][vc_row full_width=&#8221;stretch_row&#8221; el_class=&#8221;row-functionaliteiten-platform&#8221; css=&#8221;.vc_custom_1612328021394{background-image: url(https:\/\/therapieland.nl\/staging\/wp-content\/uploads\/2019\/11\/therapieland-functionaliteiten-platform.png?id=243) !important;}&#8221;][vc_column][vc_column_text]<\/p>\n<h2 style=\"text-align: center;\"><strong>Functionaliteiten van onze beeldbelapplicatie<\/strong><\/h2>\n<p style=\"text-align: center;\"><span style=\"font-weight: 400;\">Digitale mogelijkheden voor effici\u00ebntere zorg<\/span><\/p>\n<p>[\/vc_column_text][vc_empty_space height=&#8221;30px&#8221;][vc_column_text el_class=&#8221;text-black&#8221;]<\/p>\n<div class=\"wpb_text_column wpb_content_element \" style=\"text-align: center;\">\n<div class=\"wpb_wrapper\">\n<p>Binnen de zorg zijn er extra functionaliteiten gewenst die niet in een standaard consumenten beeldbelapplicatie terug te vinden zijn. Therapieland biedt een beeldbelfunctionaliteit die zich volledig richt op de zorg.<\/p>\n<\/div>\n<\/div>\n<p>[\/vc_column_text][vc_empty_space height=&#8221;60px&#8221;][vc_row_inner][vc_column_inner][vc_column_text]<\/p>\n<h4>Functionaliteiten van ons platform<\/h4>\n<p>[\/vc_column_text][vc_empty_space height=&#8221;15px&#8221;][vc_column_text el_class=&#8221;list-bullet-greenbadge&#8221;]<\/p>\n<ul>\n<li>Tablet, desktop en mobiel<\/li>\n<li>Volledig AVG-proof<\/li>\n<li>Mogelijkheid tot scherm delen<\/li>\n<li>Beveiligd* chatberichten versturen<\/li>\n<li>NEN 7510 en ISO 27001 gecertificeerd<\/li>\n<li>Whiteboard functie<\/li>\n<li>Jezelf en de ander blijven zien tijdens scherm delen<\/li>\n<li>Groepsbellen t\/m 5 personen<\/li>\n<li>Groepsbellen t\/m 20 personen met een premium account<\/li>\n<\/ul>\n<p>[\/vc_column_text][\/vc_column_inner][\/vc_row_inner][vc_empty_space height=&#8221;35px&#8221;][vc_row_inner][vc_column_inner el_class=&#8221;row-onze-tarieven&#8221; width=&#8221;2\/3&#8243;][vc_column_text]<\/p>\n<h3><strong>De kosten van beeldbellen in de zorg<\/strong><\/h3>\n<p>&nbsp;<\/p>\n<p><strong>Standaard Licentie <\/strong>(groepsbellen t\/m 5 personen)<br \/>\nDe kosten voor het gebruik van de standaard beeldbellicentie zijn <strong>\u20ac<\/strong><strong>120<\/strong> (excl. BTW) per jaar per behandelaar. Dit is inclusief een onbeperkt aantal belminuten.<\/p>\n<p><strong>Premium Licentie <\/strong>(groepsbellen t\/m 20 personen)<strong><br \/>\n<\/strong>De kosten voor het gebruik van de premium beeldbellicentie zijn <strong>\u20ac170<\/strong> (excl. BTW) per jaar per behandelaar. Dit is inclusief een onbeperkt aantal belminuten.<strong><br \/>\n<\/strong>[\/vc_column_text][vc_empty_space height=&#8221;35px&#8221;][vc_btn title=&#8221;Start proefaccount behandelaar&#8221; style=&#8221;custom&#8221; custom_background=&#8221;#f6a000&#8243; custom_text=&#8221;#ffffff&#8221; shape=&#8221;round&#8221; link=&#8221;url:%2Faccounts-aanvragen%2F||target:%20_blank|&#8221; el_class=&#8221;cta-btn btn-flat-orange btn-arrow-smlwhite onze-terieven btn-start&#8221;][vc_empty_space height=&#8221;35px&#8221;][\/vc_column_inner][vc_column_inner el_class=&#8221;row-extra-options&#8221; width=&#8221;1\/3&#8243;][vc_column_text]<strong>Combineer beeldzorg met\u00a0online programma&#8217;s<\/strong><\/p>\n<p><em>Beeldbellen kun je eenvoudig combineren met al onze e-Healthprogramma&#8217;s. Bekijk <a href=\"https:\/\/therapieland.nl\/staging\/programmas\/\">hier het volledige overzicht van alle modules<\/a>.<\/em>[\/vc_column_text][\/vc_column_inner][\/vc_row_inner][vc_empty_space height=&#8221;125px&#8221;][vc_row_inner el_class=&#8221;innerrow-veilig-vertrouwd&#8221;][vc_column_inner width=&#8221;1\/4&#8243;][vc_single_image image=&#8221;59&#8243; img_size=&#8221;full&#8221; onclick=&#8221;custom_link&#8221; img_link_target=&#8221;_blank&#8221; link=&#8221;http:\/\/therapieland.nl\/staging\/wp-content\/uploads\/2020\/11\/DigiTrust-Certificaat-ISO-27001-Therapieland.pdf&#8221;][\/vc_column_inner][vc_column_inner width=&#8221;1\/4&#8243;][vc_single_image image=&#8221;60&#8243; img_size=&#8221;full&#8221; onclick=&#8221;custom_link&#8221; img_link_target=&#8221;_blank&#8221; link=&#8221;http:\/\/therapieland.nl\/staging\/wp-content\/uploads\/2020\/11\/DigiTrust-Certificaat-NEN-7510-Therapieland.pdf&#8221;][\/vc_column_inner][vc_column_inner width=&#8221;1\/4&#8243;][vc_single_image image=&#8221;7665&#8243; onclick=&#8221;custom_link&#8221; img_link_target=&#8221;_blank&#8221; link=&#8221;http:\/\/therapieland.nl\/staging\/wp-content\/uploads\/2020\/10\/2019-267-DOC-01-DEF-1-1-gecomprimeerd.pdf&#8221;][\/vc_column_inner][vc_column_inner width=&#8221;1\/4&#8243;][vc_column_text]<\/p>\n<h3>Veilig &amp; vertrouwd<\/h3>\n<p>Bij Therapieland hechten we enorm veel waarde aan de veiligheid en anonimiteit van ons platform. Therapieland is ISO 27001 en NEN 7510 gecertificeerd, wat betekent dat wij onze informatiebeveiliging volgens de norm waarborgen. Ook zijn wij AVG-proof en voldoen wij aan de geldende regels binnen de EU.[\/vc_column_text][\/vc_column_inner][\/vc_row_inner][\/vc_column][\/vc_row][vc_row][vc_column][vc_column_text][\/vc_column_text][vc_empty_space height=&#8221;50px&#8221;][vc_column_text]<\/p>\n<h3><b>Voor deze organisaties is beeldbellen in de zorg geschikt<\/b><\/h3>\n<p><span style=\"font-weight: 400;\">Beeldbellen via Therapieland is geschikt voor huisartsen, de ggz en het ziekenhuis. Je kunt beeldschermzorg verlenen voor de volgende doeleinden:\u00a0<\/span><\/p>\n<p>&nbsp;<\/p>\n<ul>\n<li style=\"font-weight: 400;\"><span style=\"font-weight: 400;\">Beeldbellen ggz<\/span><\/li>\n<li style=\"font-weight: 400;\"><span style=\"font-weight: 400;\">Videobellen huisarts<\/span><\/li>\n<li style=\"font-weight: 400;\"><span style=\"font-weight: 400;\">Beeldbellen ziekenhuis<\/span><\/li>\n<\/ul>\n<p>[\/vc_column_text][vc_empty_space height=&#8221;50px&#8221;][\/vc_column][\/vc_row][vc_row][vc_column][vc_empty_space][vc_column_text]<\/p>\n<h3><strong>Beoordeling door behandelaren<\/strong><\/h3>\n<p>[\/vc_column_text][vc_empty_space][vc_row_inner el_class=&#8221;row-data-greenbox&#8221;][vc_column_inner width=&#8221;1\/3&#8243;][vc_column_text]vindt videobellen een prima alternatief<br \/>\nvoor een fysiek consult <strong>90%<\/strong>[\/vc_column_text][\/vc_column_inner][vc_column_inner width=&#8221;1\/3&#8243;][vc_column_text]Vindt het fijn om in de thuisomgeving te zitten<br \/>\ntijdens een consult <strong>88%<\/strong>[\/vc_column_text][\/vc_column_inner][vc_column_inner width=&#8221;1\/3&#8243;][vc_column_text]Videobellen zou een keuzemogelijkheid<br \/>\nmoeten zijn<strong> 90%<\/strong>[\/vc_column_text][\/vc_column_inner][\/vc_row_inner][vc_empty_space height=&#8221;15px&#8221;][\/vc_column][\/vc_row][vc_row full_width=&#8221;stretch_row_content&#8221; el_class=&#8221;row-simpele-stappen&#8221;][vc_column][vc_row_inner css=&#8221;.vc_custom_1612327871972{background-image: url(https:\/\/therapieland.nl\/staging\/wp-content\/uploads\/2019\/11\/therapieland-simple-stappen.png?id=128) !important;}&#8221; el_class=&#8221;row-title-simpele-stappen&#8221;][vc_column_inner][vc_column_text]<\/p>\n<h3><strong>Aan de slag met Beeldbellen in vijf simpele stappen<\/strong><\/h3>\n<p>[\/vc_column_text][\/vc_column_inner][\/vc_row_inner][vc_row_inner el_class=&#8221;row-list-simpele-stappen&#8221;][vc_column_inner width=&#8221;1\/4&#8243;][vc_single_image image=&#8221;129&#8243; img_size=&#8221;full&#8221;][vc_column_text]<\/p>\n<h6 style=\"text-align: center;\">Maak een proefaccount aan<\/h6>\n<p>[\/vc_column_text][\/vc_column_inner][vc_column_inner width=&#8221;1\/4&#8243;][vc_single_image image=&#8221;136&#8243; img_size=&#8221;full&#8221;][vc_column_text]<\/p>\n<h6 style=\"text-align: center;\">Aan de slag met je gratis proefmaand<\/h6>\n<p>[\/vc_column_text][\/vc_column_inner][vc_column_inner width=&#8221;1\/4&#8243;][vc_single_image image=&#8221;137&#8243; img_size=&#8221;full&#8221;][vc_column_text]<\/p>\n<h6 style=\"text-align: center;\">Evaluatie en start jaarlicentie<\/h6>\n<p>[\/vc_column_text][\/vc_column_inner][vc_column_inner width=&#8221;1\/4&#8243;][vc_single_image image=&#8221;138&#8243; img_size=&#8221;full&#8221;][vc_column_text]<\/p>\n<h6 style=\"text-align: center;\">Implementatietraject op maat<\/h6>\n<p>[\/vc_column_text][\/vc_column_inner][\/vc_row_inner][vc_empty_space][vc_empty_space][\/vc_column][\/vc_row][vc_row content_placement=&#8221;middle&#8221; el_class=&#8221;row-footer-contactform&#8221;][vc_column width=&#8221;1\/2&#8243;][vc_column_text]<\/p>\n<h3><strong>We beantwoorden graag je vragen over videobellen in de zorg<\/strong><\/h3>\n<p>Ben je benieuwd wat Therapieland voor jou kan betekenen? Heb je nog vragen?<\/p>\n<p>Neem contact met ons op voor meer informatie of sluit <a href=\"https:\/\/therapieland.nl\/staging\/accounts-aanvragen\/\">een gratis proefabonnement<\/a> af waarmee je een maand lang gebruik kunt maken van al onze diensten. Wij helpen je graag met het implementeren van Therapieland in jouw instelling![\/vc_column_text][vc_empty_space height=&#8221;30px&#8221;]<div role=\"form\" class=\"wpcf7\" id=\"wpcf7-f7-o1\" lang=\"en-US\" dir=\"ltr\">\n<div class=\"screen-reader-response\"><p role=\"status\" aria-live=\"polite\" aria-atomic=\"true\"><\/p> <ul><\/ul><\/div>\n<form action=\"\/staging\/wp-json\/wp\/v2\/pages\/5305#wpcf7-f7-o1\" method=\"post\" class=\"wpcf7-form init\" novalidate=\"novalidate\" data-status=\"init\">\n<div style=\"display: none;\">\n<input type=\"hidden\" name=\"_wpcf7\" value=\"7\" \/>\n<input type=\"hidden\" name=\"_wpcf7_version\" value=\"5.5.6.1\" \/>\n<input type=\"hidden\" name=\"_wpcf7_locale\" value=\"en_US\" \/>\n<input type=\"hidden\" name=\"_wpcf7_unit_tag\" value=\"wpcf7-f7-o1\" \/>\n<input type=\"hidden\" name=\"_wpcf7_container_post\" value=\"0\" \/>\n<input type=\"hidden\" name=\"_wpcf7_posted_data_hash\" value=\"\" \/>\n<\/div>\n<div class=\"input-field full-field\">\n  <label>Je voor- & achternaam<\/label><br \/>\n  <span class=\"wpcf7-form-control-wrap your-name\"><input type=\"text\" name=\"your-name\" value=\"\" size=\"40\" class=\"wpcf7-form-control wpcf7-text wpcf7-validates-as-required\" aria-required=\"true\" aria-invalid=\"false\" \/><\/span>\n<\/div>\n<div class=\"input-field full-field\">\n  <label>Je e-mailadres<\/label><br \/>\n  <span class=\"wpcf7-form-control-wrap your-email\"><input type=\"email\" name=\"your-email\" value=\"\" size=\"40\" class=\"wpcf7-form-control wpcf7-text wpcf7-email wpcf7-validates-as-required wpcf7-validates-as-email\" aria-required=\"true\" aria-invalid=\"false\" \/><\/span>\n<\/div>\n<div class=\"input-field full-field\">\n  <label>Je telefoonnummer (optioneel, maar wel handig)<\/label><br \/>\n  <span class=\"wpcf7-form-control-wrap your-tel\"><input type=\"tel\" name=\"your-tel\" value=\"\" size=\"40\" class=\"wpcf7-form-control wpcf7-text wpcf7-tel wpcf7-validates-as-tel\" aria-invalid=\"false\" \/><\/span>\n<\/div>\n<div class=\"input-field full-field\">\n  <label>Mijn functie (optioneel)<\/label><br \/>\n  <span class=\"wpcf7-form-control-wrap your-interviewer\"><select name=\"your-interviewer\" class=\"wpcf7-form-control wpcf7-select\" aria-invalid=\"false\"><option value=\"...\">...<\/option><option value=\"Ik werk als POH\/huisarts\">Ik werk als POH\/huisarts<\/option><option value=\"Ik werk als hulpverlener in de GGZ\">Ik werk als hulpverlener in de GGZ<\/option><option value=\"Ik werk als hulpverlener in een ziekenhuis\">Ik werk als hulpverlener in een ziekenhuis<\/option><option value=\"Anders\">Anders<\/option><\/select><\/span>\n<\/div>\n<div class=\"input-field full-field\">\n  <label>Wat is je vraag?<\/label><br \/>\n  <span class=\"wpcf7-form-control-wrap your-message\"><textarea name=\"your-message\" cols=\"40\" rows=\"10\" class=\"wpcf7-form-control wpcf7-textarea wpcf7-validates-as-required\" aria-required=\"true\" aria-invalid=\"false\"><\/textarea><\/span>\n<\/div>\n<p>[c4wp_nocaptcha g-recaptcha-response]<\/p>\n<div class=\"submit-field full-field\">\n  <input type=\"submit\" value=\"Verstuur je vraag\" class=\"wpcf7-form-control has-spinner wpcf7-submit btn-flat-green btn-arrow-smlwhite\" \/><br \/>\n  <span class=\"wpcf7-form-control-wrap page-title\"><input type=\"hidden\" name=\"page-title\" value=\"Beeldbellen\" size=\"40\" class=\"wpcf7-form-control wpcf7dtx-dynamictext wpcf7-dynamichidden\" aria-invalid=\"false\" \/><\/span>\n<\/div>\n<input type='hidden' class='wpcf7-pum' value='{\"closepopup\":false,\"closedelay\":0,\"openpopup\":false,\"openpopup_id\":0}' \/><div class=\"wpcf7-response-output\" aria-hidden=\"true\"><\/div><\/form><\/div>[\/vc_column][vc_column width=&#8221;1\/2&#8243;][vc_single_image image=&#8221;208&#8243; img_size=&#8221;full&#8221;][vc_empty_space height=&#8221;35px&#8221;][vc_column_text]<strong>Liever direct contact?<\/strong>[\/vc_column_text][vc_empty_space height=&#8221;10px&#8221;][vc_row_inner el_class=&#8221;innerrow-other-contact&#8221;][vc_column_inner width=&#8221;1\/2&#8243;][vc_column_text]Therapieland<br \/>\nNieuwendammerdijk 528<br \/>\n1023 BX Amsterdam<br \/>\nmaandag t\/m vrijdag 9u-17u[\/vc_column_text][\/vc_column_inner][vc_column_inner width=&#8221;1\/2&#8243;][vc_column_text]<\/p>\n<ul>\n<li><a href=\"tel:020 7712848\">020 7712848<\/a><\/li>\n<li><a href=\"mailto:info@therapieland.nl\">info@therapieland.nl<\/a><\/li>\n<\/ul>\n<p>[\/vc_column_text][\/vc_column_inner][\/vc_row_inner][\/vc_column][\/vc_row]<\/p>\n","protected":false},"excerpt":{"rendered":"<p>[vc_row][vc_column][vc_column_text][\/vc_column_text][\/vc_column][\/vc_row][vc_row][vc_column width=&#8221;1\/2&#8243;][vc_column_text][\/vc_column_text][vc_column_text] Beeldzorg van Therapieland Met beeldbellen (videobellen) in de zorg kun je veilig en makkelijk op afstand zorg verlenen<\/p>\n","protected":false},"author":4,"featured_media":9305,"parent":0,"menu_order":0,"comment_status":"closed","ping_status":"closed","template":"","meta":[],"acf":[],"yoast_head":"<!-- This site is optimized with the Yoast SEO plugin v18.9 - https:\/\/yoast.com\/wordpress\/plugins\/seo\/ -->\n<title>Beeldbellen in de zorg | Beeldschermzorg van Therapieland<\/title>\n<meta name=\"description\" content=\"Beeldbellen in de zorg maakt je behandelingen op afstand mogelijk, zonder verlies van persoonlijk contact. Lees alles over beeldbellen.\" \/>\n<meta name=\"robots\" content=\"noindex, follow, max-snippet:-1, max-image-preview:large, max-video-preview:-1\" \/>\n<meta property=\"og:locale\" content=\"nl_NL\" \/>\n<meta property=\"og:type\" content=\"article\" \/>\n<meta property=\"og:title\" content=\"Beeldbellen in de zorg | Beeldschermzorg van Therapieland\" \/>\n<meta property=\"og:description\" content=\"Beeldbellen in de zorg maakt je behandelingen op afstand mogelijk, zonder verlies van persoonlijk contact. Lees alles over beeldbellen.\" \/>\n<meta property=\"og:url\" content=\"https:\/\/therapieland.nl\/staging\/beeldbellen\/\" \/>\n<meta property=\"og:site_name\" content=\"E-Health van Therapieland\" \/>\n<meta property=\"article:modified_time\" content=\"2022-01-27T13:35:46+00:00\" \/>\n<meta property=\"og:image\" content=\"https:\/\/therapieland.nl\/staging\/wp-content\/uploads\/2021\/03\/banner-beeldbellen_Ij-lab.png\" \/>\n\t<meta property=\"og:image:width\" content=\"8000\" \/>\n\t<meta property=\"og:image:height\" content=\"1667\" \/>\n\t<meta property=\"og:image:type\" content=\"image\/png\" \/>\n<meta name=\"twitter:card\" content=\"summary_large_image\" \/>\n<meta name=\"twitter:label1\" content=\"Geschatte leestijd\" \/>\n\t<meta name=\"twitter:data1\" content=\"4 minuten\" \/>\n<script type=\"application\/ld+json\" class=\"yoast-schema-graph\">{\"@context\":\"https:\/\/schema.org\",\"@graph\":[{\"@type\":\"Organization\",\"@id\":\"https:\/\/therapieland.nl\/staging\/#organization\",\"name\":\"Therapieland\",\"url\":\"https:\/\/therapieland.nl\/staging\/\",\"sameAs\":[],\"logo\":{\"@type\":\"ImageObject\",\"inLanguage\":\"nl\",\"@id\":\"https:\/\/therapieland.nl\/staging\/#\/schema\/logo\/image\/\",\"url\":\"https:\/\/therapieland.nl\/staging\/wp-content\/uploads\/2019\/11\/therapieland-logo.png\",\"contentUrl\":\"https:\/\/therapieland.nl\/staging\/wp-content\/uploads\/2019\/11\/therapieland-logo.png\",\"width\":200,\"height\":60,\"caption\":\"Therapieland\"},\"image\":{\"@id\":\"https:\/\/therapieland.nl\/staging\/#\/schema\/logo\/image\/\"}},{\"@type\":\"WebSite\",\"@id\":\"https:\/\/therapieland.nl\/staging\/#website\",\"url\":\"https:\/\/therapieland.nl\/staging\/\",\"name\":\"E-Health van Therapieland\",\"description\":\"Just another WordPress site\",\"publisher\":{\"@id\":\"https:\/\/therapieland.nl\/staging\/#organization\"},\"potentialAction\":[{\"@type\":\"SearchAction\",\"target\":{\"@type\":\"EntryPoint\",\"urlTemplate\":\"https:\/\/therapieland.nl\/staging\/?s={search_term_string}\"},\"query-input\":\"required name=search_term_string\"}],\"inLanguage\":\"nl\"},{\"@type\":\"ImageObject\",\"inLanguage\":\"nl\",\"@id\":\"https:\/\/therapieland.nl\/staging\/beeldbellen\/#primaryimage\",\"url\":\"https:\/\/therapieland.nl\/staging\/wp-content\/uploads\/2021\/03\/banner-beeldbellen_Ij-lab.png\",\"contentUrl\":\"https:\/\/therapieland.nl\/staging\/wp-content\/uploads\/2021\/03\/banner-beeldbellen_Ij-lab.png\",\"width\":8000,\"height\":1667,\"caption\":\"beeldbellen in de zorg\"},{\"@type\":\"WebPage\",\"@id\":\"https:\/\/therapieland.nl\/staging\/beeldbellen\/#webpage\",\"url\":\"https:\/\/therapieland.nl\/staging\/beeldbellen\/\",\"name\":\"Beeldbellen in de zorg | Beeldschermzorg van Therapieland\",\"isPartOf\":{\"@id\":\"https:\/\/therapieland.nl\/staging\/#website\"},\"primaryImageOfPage\":{\"@id\":\"https:\/\/therapieland.nl\/staging\/beeldbellen\/#primaryimage\"},\"datePublished\":\"2020-03-15T20:05:48+00:00\",\"dateModified\":\"2022-01-27T13:35:46+00:00\",\"description\":\"Beeldbellen in de zorg maakt je behandelingen op afstand mogelijk, zonder verlies van persoonlijk contact. Lees alles over beeldbellen.\",\"breadcrumb\":{\"@id\":\"https:\/\/therapieland.nl\/staging\/beeldbellen\/#breadcrumb\"},\"inLanguage\":\"nl\",\"potentialAction\":[{\"@type\":\"ReadAction\",\"target\":[\"https:\/\/therapieland.nl\/staging\/beeldbellen\/\"]}]},{\"@type\":\"BreadcrumbList\",\"@id\":\"https:\/\/therapieland.nl\/staging\/beeldbellen\/#breadcrumb\",\"itemListElement\":[{\"@type\":\"ListItem\",\"position\":1,\"name\":\"e-Health\",\"item\":\"https:\/\/therapieland.nl\/staging\/\"},{\"@type\":\"ListItem\",\"position\":2,\"name\":\"Beeldbellen\"}]}]}<\/script>\n<!-- \/ Yoast SEO plugin. -->","yoast_head_json":{"title":"Beeldbellen in de zorg | Beeldschermzorg van Therapieland","description":"Beeldbellen in de zorg maakt je behandelingen op afstand mogelijk, zonder verlies van persoonlijk contact. Lees alles over beeldbellen.","robots":{"index":"noindex","follow":"follow","max-snippet":"max-snippet:-1","max-image-preview":"max-image-preview:large","max-video-preview":"max-video-preview:-1"},"og_locale":"nl_NL","og_type":"article","og_title":"Beeldbellen in de zorg | Beeldschermzorg van Therapieland","og_description":"Beeldbellen in de zorg maakt je behandelingen op afstand mogelijk, zonder verlies van persoonlijk contact. Lees alles over beeldbellen.","og_url":"https:\/\/therapieland.nl\/staging\/beeldbellen\/","og_site_name":"E-Health van Therapieland","article_modified_time":"2022-01-27T13:35:46+00:00","og_image":[{"width":8000,"height":1667,"url":"https:\/\/therapieland.nl\/staging\/wp-content\/uploads\/2021\/03\/banner-beeldbellen_Ij-lab.png","type":"image\/png"}],"twitter_card":"summary_large_image","twitter_misc":{"Geschatte leestijd":"4 minuten"},"schema":{"@context":"https:\/\/schema.org","@graph":[{"@type":"Organization","@id":"https:\/\/therapieland.nl\/staging\/#organization","name":"Therapieland","url":"https:\/\/therapieland.nl\/staging\/","sameAs":[],"logo":{"@type":"ImageObject","inLanguage":"nl","@id":"https:\/\/therapieland.nl\/staging\/#\/schema\/logo\/image\/","url":"https:\/\/therapieland.nl\/staging\/wp-content\/uploads\/2019\/11\/therapieland-logo.png","contentUrl":"https:\/\/therapieland.nl\/staging\/wp-content\/uploads\/2019\/11\/therapieland-logo.png","width":200,"height":60,"caption":"Therapieland"},"image":{"@id":"https:\/\/therapieland.nl\/staging\/#\/schema\/logo\/image\/"}},{"@type":"WebSite","@id":"https:\/\/therapieland.nl\/staging\/#website","url":"https:\/\/therapieland.nl\/staging\/","name":"E-Health van Therapieland","description":"Just another WordPress site","publisher":{"@id":"https:\/\/therapieland.nl\/staging\/#organization"},"potentialAction":[{"@type":"SearchAction","target":{"@type":"EntryPoint","urlTemplate":"https:\/\/therapieland.nl\/staging\/?s={search_term_string}"},"query-input":"required name=search_term_string"}],"inLanguage":"nl"},{"@type":"ImageObject","inLanguage":"nl","@id":"https:\/\/therapieland.nl\/staging\/beeldbellen\/#primaryimage","url":"https:\/\/therapieland.nl\/staging\/wp-content\/uploads\/2021\/03\/banner-beeldbellen_Ij-lab.png","contentUrl":"https:\/\/therapieland.nl\/staging\/wp-content\/uploads\/2021\/03\/banner-beeldbellen_Ij-lab.png","width":8000,"height":1667,"caption":"beeldbellen in de zorg"},{"@type":"WebPage","@id":"https:\/\/therapieland.nl\/staging\/beeldbellen\/#webpage","url":"https:\/\/therapieland.nl\/staging\/beeldbellen\/","name":"Beeldbellen in de zorg | Beeldschermzorg van Therapieland","isPartOf":{"@id":"https:\/\/therapieland.nl\/staging\/#website"},"primaryImageOfPage":{"@id":"https:\/\/therapieland.nl\/staging\/beeldbellen\/#primaryimage"},"datePublished":"2020-03-15T20:05:48+00:00","dateModified":"2022-01-27T13:35:46+00:00","description":"Beeldbellen in de zorg maakt je behandelingen op afstand mogelijk, zonder verlies van persoonlijk contact. Lees alles over beeldbellen.","breadcrumb":{"@id":"https:\/\/therapieland.nl\/staging\/beeldbellen\/#breadcrumb"},"inLanguage":"nl","potentialAction":[{"@type":"ReadAction","target":["https:\/\/therapieland.nl\/staging\/beeldbellen\/"]}]},{"@type":"BreadcrumbList","@id":"https:\/\/therapieland.nl\/staging\/beeldbellen\/#breadcrumb","itemListElement":[{"@type":"ListItem","position":1,"name":"e-Health","item":"https:\/\/therapieland.nl\/staging\/"},{"@type":"ListItem","position":2,"name":"Beeldbellen"}]}]}},"_links":{"self":[{"href":"https:\/\/therapieland.nl\/staging\/wp-json\/wp\/v2\/pages\/5305"}],"collection":[{"href":"https:\/\/therapieland.nl\/staging\/wp-json\/wp\/v2\/pages"}],"about":[{"href":"https:\/\/therapieland.nl\/staging\/wp-json\/wp\/v2\/types\/page"}],"author":[{"embeddable":true,"href":"https:\/\/therapieland.nl\/staging\/wp-json\/wp\/v2\/users\/4"}],"replies":[{"embeddable":true,"href":"https:\/\/therapieland.nl\/staging\/wp-json\/wp\/v2\/comments?post=5305"}],"version-history":[{"count":191,"href":"https:\/\/therapieland.nl\/staging\/wp-json\/wp\/v2\/pages\/5305\/revisions"}],"predecessor-version":[{"id":12022,"href":"https:\/\/therapieland.nl\/staging\/wp-json\/wp\/v2\/pages\/5305\/revisions\/12022"}],"wp:featuredmedia":[{"embeddable":true,"href":"https:\/\/therapieland.nl\/staging\/wp-json\/wp\/v2\/media\/9305"}],"wp:attachment":[{"href":"https:\/\/therapieland.nl\/staging\/wp-json\/wp\/v2\/media?parent=5305"}],"curies":[{"name":"wp","href":"https:\/\/api.w.org\/{rel}","templated":true}]}}