{"id":10696,"date":"2021-08-10T13:34:15","date_gmt":"2021-08-10T13:34:15","guid":{"rendered":"https:\/\/therapieland.nl\/staging\/?page_id=10696"},"modified":"2021-08-11T09:23:14","modified_gmt":"2021-08-11T09:23:14","slug":"veiligheidsinstructies","status":"publish","type":"page","link":"https:\/\/therapieland.nl\/staging\/virtual-reality-support\/veiligheidsinstructies\/","title":{"rendered":"Blikopener &#8211; Veiligheidsinstructies"},"content":{"rendered":"<p>[vc_row][vc_column][vc_empty_space height=&#8221;80px&#8221;][\/vc_column][\/vc_row][vc_row][vc_column width=&#8221;1\/2&#8243;][vc_empty_space][vc_column_text]<\/p>\n<h2 style=\"text-align: left;\"><strong>Veiligheidsinstructies<\/strong><\/h2>\n<p>&nbsp;<\/p>\n<p class=\"p1\">Wat leuk dat je aan de slag gaat met Virtual Reality en welkom bij Therapieland. Het is belangrijk dat je <span style=\"font-weight: 400;\">de Blikopener in een veilige omgeving gebruikt. We vertellen je op deze pagina meer over de veiligheidsinstructies\u00a0<\/span><\/p>\n<p>[\/vc_column_text][vc_empty_space][\/vc_column][vc_column width=&#8221;1\/2&#8243;][vc_single_image image=&#8221;10706&#8243; img_size=&#8221;medium&#8221; alignment=&#8221;center&#8221;][vc_empty_space height=&#8221;40px&#8221;][\/vc_column][\/vc_row][vc_row][vc_column][vc_empty_space height=&#8221;80px&#8221;][\/vc_column][\/vc_row][vc_row][vc_column width=&#8221;1\/2&#8243;][vc_single_image image=&#8221;10646&#8243; img_size=&#8221;medium&#8221; alignment=&#8221;center&#8221;][vc_empty_space][\/vc_column][vc_column width=&#8221;1\/2&#8243;][vc_empty_space height=&#8221;40px&#8221;][vc_column_text]<\/p>\n<h2 style=\"text-align: left;\"><strong>Beoogd gebruik\u00a0<\/strong><\/h2>\n<p>&nbsp;<\/p>\n<p><span style=\"font-weight: 400;\">Het doel van Blikopener is om behandelaren een tool te geven waarmee ze cli\u00ebnten de psychologische begrippen die ze bespreken ook te kunnen laten ervaren in gevoel en gedrag. Behandelaren kunnen de Blikopener app inzetten na het verkrijgen van een introductie of training vanuit Therapieland. Vervolgens zal de Blikopener app altijd ge\u00efntroduceerd moeten worden door de behandelaar aan de cli\u00ebnt. De behandelaar is verantwoordelijk voor de inschatting op het inzetten van de app geschikt is bij een cli\u00ebnt. <\/span><\/p>\n<p><span style=\"font-weight: 400;\">De eerste keer dat de cli\u00ebnt de app gebruikt is altijd samen met de behandelaar, om te zien hoe de cli\u00ebnt op de app reageert en de cli\u00ebnt te kunnen begeleiden. Als de behandelaar inschat dat de cli\u00ebnt de app ook zelfstandig thuis kan gebruiken, kan de cli\u00ebnt de app op zijn\/haar mobiel thuis gebruiken. Een cli\u00ebnt kan de Blikopener app niet zelfstandig aanschaffen. Het is voor behandelaren mogelijk om een VR bril te delen met meerdere behandelaren. Hierbij wordt wel verwezen naar het hygi\u00ebne protocol.\u00a0<\/span><\/p>\n<p>[\/vc_column_text][vc_empty_space height=&#8221;40px&#8221;][vc_empty_space height=&#8221;40px&#8221;][\/vc_column][\/vc_row][vc_row][vc_column width=&#8221;1\/2&#8243;][vc_empty_space][vc_empty_space][vc_empty_space][vc_single_image image=&#8221;4200&#8243; img_size=&#8221;medium&#8221; alignment=&#8221;center&#8221;][vc_empty_space][\/vc_column][vc_column width=&#8221;1\/2&#8243;][vc_empty_space height=&#8221;40px&#8221;][vc_column_text]<\/p>\n<h2 style=\"text-align: left;\"><strong>Contra Indicaties<\/strong><\/h2>\n<p>&nbsp;<\/p>\n<p><span style=\"font-weight: 400;\">Er zijn een aantal groepen mensen die wij afraden de app te gebruiken wegens medische risico&#8217;s:<\/span><\/p>\n<p>&nbsp;<\/p>\n<ul>\n<li style=\"font-weight: 400;\" aria-level=\"1\"><span style=\"font-weight: 400;\">Mensen met epilepsie raden wij af de app te gebruiken in verband met het risico dat de app een aanval triggert.<\/span><\/li>\n<li style=\"font-weight: 400;\" aria-level=\"1\"><span style=\"font-weight: 400;\">Mensen met ernstige wagenziekte raden wij af de app te gebruiken in verband met een hoog sensitief evenwichtsorgaan en een hoog risico dat dit orgaan door de app uit balans wordt gebracht.<\/span><\/li>\n<li style=\"font-weight: 400;\" aria-level=\"1\"><span style=\"font-weight: 400;\">Kinderen onder de 12 jaar, aangezien jonge kinderen in een kritieke fase van hun zicht en balans ontwikkeling zijn en er nog onvoldoende onderzoeken zijn gedaan naar de effecten van VR hierop. <\/span><span style=\"font-weight: 400;\">Houdt de bril en controllers bij hen uit de buut.<\/span><\/li>\n<li style=\"font-weight: 400;\" aria-level=\"1\"><span style=\"font-weight: 400;\">Thuisgebruik wanneer een behandelaar inschat dat een cli\u00ebnt hier niet geschikt voor is.<\/span><\/li>\n<\/ul>\n<p>[\/vc_column_text][vc_empty_space height=&#8221;40px&#8221;][vc_empty_space height=&#8221;40px&#8221;][\/vc_column][\/vc_row][vc_row][vc_column width=&#8221;1\/2&#8243;][vc_empty_space][vc_empty_space][vc_single_image image=&#8221;10712&#8243; img_size=&#8221;medium&#8221; alignment=&#8221;center&#8221;][vc_empty_space][\/vc_column][vc_column width=&#8221;1\/2&#8243;][vc_empty_space height=&#8221;40px&#8221;][vc_column_text]<\/p>\n<h2 style=\"text-align: left;\"><strong>Veiligheid<\/strong><\/h2>\n<p>&nbsp;<\/p>\n<ul>\n<li style=\"font-weight: 400;\" aria-level=\"1\"><span style=\"font-weight: 400;\">Gebruik de Blikopener app voor maximaal 30 minuten achter elkaar met op z\u2019n minst 10 minuten pauze tussen het gebruik. Pas je gebruik en rustperiodes aan als je merkt dat dit nodig is.<\/span><\/li>\n<li style=\"font-weight: 400;\" aria-level=\"1\"><span style=\"font-weight: 400;\">We raden aan om kinderen ouder dan 12 jaar, de app alleen onder toezicht van een volwassene te laten gebruiken, om ongelukken te voorkomen.\u00a0<\/span><\/li>\n<li><span style=\"font-weight: 400;\">Bij het gebruik van de Blikopener app in de auto (als passagier) of in een ander voertuig is de kans op bewegingsziekte groter, wegens onregelmatige bewegingen. Gebruik de app dus niet in de een bewegend voertuig.<\/span><\/li>\n<li><span style=\"font-weight: 400;\">Zorg ervoor dat je de Blikopener in een veilige omgeving gebruikt. Je kunt namelijk niet om je heen kijken (in de fysieke wereld):<\/span><span style=\"font-weight: 400;\">&#8211; Pico Neo; beweeg alleen in de ruimte die je hebt ingesteld.<br \/>\n<\/span><span style=\"font-weight: 400;\">&#8211; Plastic bril; zorg dat je een veilige ruimte hebt klaargemaakt. Zorg dat ramen en deuren dicht zijn (zodat je er niet doorheen kan vallen). Gebruik niet in de buurt van trappen, hittebronnen of andere gevaarlijke situaties.<br \/>\n<\/span><span style=\"font-weight: 400;\">&#8211; Blikopener app; gebruik de app niet tijdens het lopen, fietsen, autorijden of in andere situaties waarbij volledig zicht van belang is.<\/span><\/li>\n<\/ul>\n<p>[\/vc_column_text][vc_empty_space height=&#8221;40px&#8221;][vc_empty_space height=&#8221;40px&#8221;][\/vc_column][\/vc_row][vc_row][vc_column width=&#8221;1\/2&#8243;][vc_empty_space height=&#8221;10px&#8221;][vc_empty_space height=&#8221;10px&#8221;][vc_empty_space][vc_single_image image=&#8221;10717&#8243; img_size=&#8221;medium&#8221; alignment=&#8221;center&#8221;][vc_empty_space][\/vc_column][vc_column width=&#8221;1\/2&#8243;][vc_empty_space height=&#8221;40px&#8221;][vc_column_text]<\/p>\n<h2 style=\"text-align: left;\"><strong>Gezondheid<\/strong><\/h2>\n<p>&nbsp;<\/p>\n<ul>\n<li style=\"font-weight: 400;\" aria-level=\"1\"><span style=\"font-weight: 400;\">Een kleine groep mensen ervaart epilepsie, flauwvallen, erge duizeligheid of andere symptomen door flitsen en beelden, zelfs als je hier niet eerder last van hebt gehad. Raadpleeg een arts voor gebruik als je eerder de bovengenoemde symptomen hebt ervaren.\u00a0<\/span><\/li>\n<li style=\"font-weight: 400;\" aria-level=\"1\"><span style=\"font-weight: 400;\">Als je visuele afwijkingen (dubbelzien, vervormingen, ongemak of pijn), bovenmatig zweten, misselijkheid, duizeligheid, hartkloppingen, desori\u00ebntatie of balansverlies opmerkt, stop dan meteen met het gebruik van de app en de bril. Bestuur geen motorisch voertuig, hanteer geen machines of neem geen deel in activiteiten die potentieel serieuze consequenties kunnen hebben tot je volledig bent hersteld van deze symptomen.\u00a0<\/span><\/li>\n<li style=\"font-weight: 400;\" aria-level=\"1\"><span style=\"font-weight: 400;\">Wanneer je allergisch bent voor plastic, PU of andere producten gebruikt in de brillen, dan kan er een allergische reactie optreden bij langdurig dragen van de bril. Symptomen zoals rode uitslag, zwelling en branderigheid kunnen dan ontstaan. Wanneer je dit opmerkt, stop dan met het gebruik van de bril en raadpleeg een arts.<\/span><\/li>\n<li style=\"font-weight: 400;\" aria-level=\"1\"><span style=\"font-weight: 400;\">Mocht je medicatie gebruiken waarvan je niet weet of het effect heeft op een VR-ervaring, raadpleeg dan eerst een arts.<\/span><\/li>\n<li style=\"font-weight: 400;\" aria-level=\"1\"><span style=\"font-weight: 400;\">Wanneer je een koptelefoon of oortjes gebruikt, dan raden we je aan om het minimale nodige volume te gebruiken, om gehoorschade te voorkomen. <\/span><\/li>\n<\/ul>\n<p>[\/vc_column_text][vc_empty_space height=&#8221;40px&#8221;][vc_empty_space height=&#8221;40px&#8221;][\/vc_column][\/vc_row][vc_row][vc_column width=&#8221;1\/2&#8243;][vc_empty_space height=&#8221;10px&#8221;][vc_single_image image=&#8221;9870&#8243; img_size=&#8221;medium&#8221; alignment=&#8221;center&#8221;][vc_empty_space][\/vc_column][vc_column width=&#8221;1\/2&#8243;][vc_empty_space height=&#8221;40px&#8221;][vc_column_text]<\/p>\n<h2 style=\"text-align: left;\"><strong>Hygi\u00ebne<\/strong><\/h2>\n<p>&nbsp;<\/p>\n<p><span style=\"font-weight: 400;\">Wanneer een VR bril door meerdere personen wordt gebruikt, is het van belang dat de bril tussendoor goed wordt gereinigd, om mogelijke bacteri\u00ebn en virussen niet over te dragen. Hiervoor is het belangrijk dat het hygi\u00ebne protocol wordt gevolgd;<\/span><\/p>\n<p>&nbsp;<\/p>\n<ul>\n<li><span style=\"font-weight: 400;\">Neem de bril en controllers af met een reinigingsdoekje na elk gebruik.<\/span><\/li>\n<li><span style=\"font-weight: 400;\">Gebruik een lens reinigingsspray voor de lenzen na elk gebruik.<\/span><\/li>\n<li><span style=\"font-weight: 400;\">Gebruik geen sterke chemische producten om de brillen mee schoon te maken, aangezien dit en schade kan aanbrengen aan het product en nog belangrijker het effect kan hebben op de huid bij de volgende keer dat de bril wordt gedragen. <\/span><\/li>\n<\/ul>\n<p>[\/vc_column_text][vc_empty_space height=&#8221;40px&#8221;][vc_empty_space height=&#8221;40px&#8221;][\/vc_column][\/vc_row][vc_row disable_element=&#8221;yes&#8221;][vc_column][vc_empty_space height=&#8221;75px&#8221;][\/vc_column][\/vc_row][vc_row][vc_column][\/vc_column][\/vc_row][vc_row][vc_column][vc_empty_space height=&#8221;50px&#8221;][\/vc_column][\/vc_row][vc_row el_class=&#8221;row-footer-contactform row-alg-center&#8221;][vc_column width=&#8221;1\/2&#8243;][vc_column_text]<\/p>\n<h3>We beantwoorden graag je vragen<\/h3>\n<p>Heb jij nog vragen die niet worden beantwoord op deze pagina? Neem dan gerust contact met ons op.[\/vc_column_text][vc_empty_space height=&#8221;45px&#8221;]<div role=\"form\" class=\"wpcf7\" id=\"wpcf7-f7-o1\" lang=\"en-US\" dir=\"ltr\">\n<div class=\"screen-reader-response\"><p role=\"status\" aria-live=\"polite\" aria-atomic=\"true\"><\/p> <ul><\/ul><\/div>\n<form action=\"\/staging\/wp-json\/wp\/v2\/pages\/10696#wpcf7-f7-o1\" method=\"post\" class=\"wpcf7-form init\" novalidate=\"novalidate\" data-status=\"init\">\n<div style=\"display: none;\">\n<input type=\"hidden\" name=\"_wpcf7\" value=\"7\" \/>\n<input type=\"hidden\" name=\"_wpcf7_version\" value=\"5.5.6.1\" \/>\n<input type=\"hidden\" name=\"_wpcf7_locale\" value=\"en_US\" \/>\n<input type=\"hidden\" name=\"_wpcf7_unit_tag\" value=\"wpcf7-f7-o1\" \/>\n<input type=\"hidden\" name=\"_wpcf7_container_post\" value=\"0\" \/>\n<input type=\"hidden\" name=\"_wpcf7_posted_data_hash\" value=\"\" \/>\n<\/div>\n<div class=\"input-field full-field\">\n  <label>Je voor- & achternaam<\/label><br \/>\n  <span class=\"wpcf7-form-control-wrap your-name\"><input type=\"text\" name=\"your-name\" value=\"\" size=\"40\" class=\"wpcf7-form-control wpcf7-text wpcf7-validates-as-required\" aria-required=\"true\" aria-invalid=\"false\" \/><\/span>\n<\/div>\n<div class=\"input-field full-field\">\n  <label>Je e-mailadres<\/label><br \/>\n  <span class=\"wpcf7-form-control-wrap your-email\"><input type=\"email\" name=\"your-email\" value=\"\" size=\"40\" class=\"wpcf7-form-control wpcf7-text wpcf7-email wpcf7-validates-as-required wpcf7-validates-as-email\" aria-required=\"true\" aria-invalid=\"false\" \/><\/span>\n<\/div>\n<div class=\"input-field full-field\">\n  <label>Je telefoonnummer (optioneel, maar wel handig)<\/label><br \/>\n  <span class=\"wpcf7-form-control-wrap your-tel\"><input type=\"tel\" name=\"your-tel\" value=\"\" size=\"40\" class=\"wpcf7-form-control wpcf7-text wpcf7-tel wpcf7-validates-as-tel\" aria-invalid=\"false\" \/><\/span>\n<\/div>\n<div class=\"input-field full-field\">\n  <label>Mijn functie (optioneel)<\/label><br \/>\n  <span class=\"wpcf7-form-control-wrap your-interviewer\"><select name=\"your-interviewer\" class=\"wpcf7-form-control wpcf7-select\" aria-invalid=\"false\"><option value=\"...\">...<\/option><option value=\"Ik werk als POH\/huisarts\">Ik werk als POH\/huisarts<\/option><option value=\"Ik werk als hulpverlener in de GGZ\">Ik werk als hulpverlener in de GGZ<\/option><option value=\"Ik werk als hulpverlener in een ziekenhuis\">Ik werk als hulpverlener in een ziekenhuis<\/option><option value=\"Anders\">Anders<\/option><\/select><\/span>\n<\/div>\n<div class=\"input-field full-field\">\n  <label>Wat is je vraag?<\/label><br \/>\n  <span class=\"wpcf7-form-control-wrap your-message\"><textarea name=\"your-message\" cols=\"40\" rows=\"10\" class=\"wpcf7-form-control wpcf7-textarea wpcf7-validates-as-required\" aria-required=\"true\" aria-invalid=\"false\"><\/textarea><\/span>\n<\/div>\n<p>[c4wp_nocaptcha g-recaptcha-response]<\/p>\n<div class=\"submit-field full-field\">\n  <input type=\"submit\" value=\"Verstuur je vraag\" class=\"wpcf7-form-control has-spinner wpcf7-submit btn-flat-green btn-arrow-smlwhite\" \/><br \/>\n  <span class=\"wpcf7-form-control-wrap page-title\"><input type=\"hidden\" name=\"page-title\" value=\"Blikopener - Veiligheidsinstructies\" size=\"40\" class=\"wpcf7-form-control wpcf7dtx-dynamictext wpcf7-dynamichidden\" aria-invalid=\"false\" \/><\/span>\n<\/div>\n<input type='hidden' class='wpcf7-pum' value='{\"closepopup\":false,\"closedelay\":0,\"openpopup\":false,\"openpopup_id\":0}' \/><div class=\"wpcf7-response-output\" aria-hidden=\"true\"><\/div><\/form><\/div>[\/vc_column][vc_column width=&#8221;1\/2&#8243;][vc_single_image image=&#8221;208&#8243; img_size=&#8221;full&#8221;][vc_empty_space height=&#8221;35px&#8221;][vc_column_text]<strong>Liever direct contact?<\/strong>[\/vc_column_text][vc_empty_space height=&#8221;10px&#8221;][vc_row_inner el_class=&#8221;innerrow-other-contact&#8221;][vc_column_inner width=&#8221;1\/2&#8243;][vc_column_text]Therapieland<br \/>\nNieuwendammerdijk 528<br \/>\n1023 BX Amsterdam<br \/>\nmaandag t\/m vrijdag 9u-17u[\/vc_column_text][\/vc_column_inner][vc_column_inner width=&#8221;1\/2&#8243;][vc_column_text]<\/p>\n<ul>\n<li><a href=\"tel:020 7712848\">020 7712848<\/a><\/li>\n<li><a href=\"mailto:info@therapieland.nl\">info@therapieland.nl<\/a><\/li>\n<\/ul>\n<p>[\/vc_column_text][\/vc_column_inner][\/vc_row_inner][\/vc_column][\/vc_row][vc_row][vc_column][vc_empty_space height=&#8221;150px&#8221;][\/vc_column][\/vc_row][vc_row][vc_column][\/vc_column][\/vc_row][vc_row][vc_column][\/vc_column][\/vc_row]<\/p>\n","protected":false},"excerpt":{"rendered":"<p>[vc_row][vc_column][vc_empty_space height=&#8221;80px&#8221;][\/vc_column][\/vc_row][vc_row][vc_column width=&#8221;1\/2&#8243;][vc_empty_space][vc_column_text] Veiligheidsinstructies &nbsp; Wat leuk dat je aan de slag gaat met Virtual Reality en welkom bij Therapieland.<\/p>\n","protected":false},"author":6,"featured_media":1280,"parent":10564,"menu_order":0,"comment_status":"closed","ping_status":"closed","template":"","meta":[],"acf":[],"yoast_head":"<!-- This site is optimized with the Yoast SEO plugin v18.9 - https:\/\/yoast.com\/wordpress\/plugins\/seo\/ -->\n<title>Virtual Reality (VR) in de Zorg | e-Health van Therapieland<\/title>\n<meta name=\"description\" content=\"Virtual reality in de zorg is de perfecte aanvulling op jouw behandelingen en therapie\u00ebn. Bekijk de mogelijkheden van VR direct!\" \/>\n<meta name=\"robots\" content=\"noindex, follow, max-snippet:-1, max-image-preview:large, max-video-preview:-1\" \/>\n<meta property=\"og:locale\" content=\"nl_NL\" \/>\n<meta property=\"og:type\" content=\"article\" \/>\n<meta property=\"og:title\" content=\"Virtual Reality (VR) in de Zorg | e-Health van Therapieland\" \/>\n<meta property=\"og:description\" content=\"Virtual reality in de zorg is de perfecte aanvulling op jouw behandelingen en therapie\u00ebn. Bekijk de mogelijkheden van VR direct!\" \/>\n<meta property=\"og:url\" content=\"https:\/\/therapieland.nl\/staging\/virtual-reality-support\/veiligheidsinstructies\/\" \/>\n<meta property=\"og:site_name\" content=\"E-Health van Therapieland\" \/>\n<meta property=\"article:modified_time\" content=\"2021-08-11T09:23:14+00:00\" \/>\n<meta name=\"twitter:card\" content=\"summary_large_image\" \/>\n<meta name=\"twitter:image\" content=\"https:\/\/therapieland.nl\/staging\/wp-content\/uploads\/2019\/12\/therapieland_virtualreality_header.svg\" \/>\n<meta name=\"twitter:label1\" content=\"Geschatte leestijd\" \/>\n\t<meta name=\"twitter:data1\" content=\"5 minuten\" \/>\n<script type=\"application\/ld+json\" class=\"yoast-schema-graph\">{\"@context\":\"https:\/\/schema.org\",\"@graph\":[{\"@type\":\"Organization\",\"@id\":\"https:\/\/therapieland.nl\/staging\/#organization\",\"name\":\"Therapieland\",\"url\":\"https:\/\/therapieland.nl\/staging\/\",\"sameAs\":[],\"logo\":{\"@type\":\"ImageObject\",\"inLanguage\":\"nl\",\"@id\":\"https:\/\/therapieland.nl\/staging\/#\/schema\/logo\/image\/\",\"url\":\"https:\/\/therapieland.nl\/staging\/wp-content\/uploads\/2019\/11\/therapieland-logo.png\",\"contentUrl\":\"https:\/\/therapieland.nl\/staging\/wp-content\/uploads\/2019\/11\/therapieland-logo.png\",\"width\":200,\"height\":60,\"caption\":\"Therapieland\"},\"image\":{\"@id\":\"https:\/\/therapieland.nl\/staging\/#\/schema\/logo\/image\/\"}},{\"@type\":\"WebSite\",\"@id\":\"https:\/\/therapieland.nl\/staging\/#website\",\"url\":\"https:\/\/therapieland.nl\/staging\/\",\"name\":\"E-Health van Therapieland\",\"description\":\"Just another WordPress site\",\"publisher\":{\"@id\":\"https:\/\/therapieland.nl\/staging\/#organization\"},\"potentialAction\":[{\"@type\":\"SearchAction\",\"target\":{\"@type\":\"EntryPoint\",\"urlTemplate\":\"https:\/\/therapieland.nl\/staging\/?s={search_term_string}\"},\"query-input\":\"required name=search_term_string\"}],\"inLanguage\":\"nl\"},{\"@type\":\"ImageObject\",\"inLanguage\":\"nl\",\"@id\":\"https:\/\/therapieland.nl\/staging\/virtual-reality-support\/veiligheidsinstructies\/#primaryimage\",\"url\":\"https:\/\/therapieland.nl\/staging\/wp-content\/uploads\/2019\/12\/therapieland_virtualreality_header.svg\",\"contentUrl\":\"https:\/\/therapieland.nl\/staging\/wp-content\/uploads\/2019\/12\/therapieland_virtualreality_header.svg\",\"width\":1920,\"height\":400},{\"@type\":\"WebPage\",\"@id\":\"https:\/\/therapieland.nl\/staging\/virtual-reality-support\/veiligheidsinstructies\/#webpage\",\"url\":\"https:\/\/therapieland.nl\/staging\/virtual-reality-support\/veiligheidsinstructies\/\",\"name\":\"Virtual Reality (VR) in de Zorg | e-Health van Therapieland\",\"isPartOf\":{\"@id\":\"https:\/\/therapieland.nl\/staging\/#website\"},\"primaryImageOfPage\":{\"@id\":\"https:\/\/therapieland.nl\/staging\/virtual-reality-support\/veiligheidsinstructies\/#primaryimage\"},\"datePublished\":\"2021-08-10T13:34:15+00:00\",\"dateModified\":\"2021-08-11T09:23:14+00:00\",\"description\":\"Virtual reality in de zorg is de perfecte aanvulling op jouw behandelingen en therapie\u00ebn. Bekijk de mogelijkheden van VR direct!\",\"breadcrumb\":{\"@id\":\"https:\/\/therapieland.nl\/staging\/virtual-reality-support\/veiligheidsinstructies\/#breadcrumb\"},\"inLanguage\":\"nl\",\"potentialAction\":[{\"@type\":\"ReadAction\",\"target\":[\"https:\/\/therapieland.nl\/staging\/virtual-reality-support\/veiligheidsinstructies\/\"]}]},{\"@type\":\"BreadcrumbList\",\"@id\":\"https:\/\/therapieland.nl\/staging\/virtual-reality-support\/veiligheidsinstructies\/#breadcrumb\",\"itemListElement\":[{\"@type\":\"ListItem\",\"position\":1,\"name\":\"e-Health\",\"item\":\"https:\/\/therapieland.nl\/staging\/\"},{\"@type\":\"ListItem\",\"position\":2,\"name\":\"Virtual Reality &#8211; support pagina\",\"item\":\"https:\/\/therapieland.nl\/staging\/virtual-reality-support\/\"},{\"@type\":\"ListItem\",\"position\":3,\"name\":\"Blikopener &#8211; Veiligheidsinstructies\"}]}]}<\/script>\n<!-- \/ Yoast SEO plugin. -->","yoast_head_json":{"title":"Virtual Reality (VR) in de Zorg | e-Health van Therapieland","description":"Virtual reality in de zorg is de perfecte aanvulling op jouw behandelingen en therapie\u00ebn. Bekijk de mogelijkheden van VR direct!","robots":{"index":"noindex","follow":"follow","max-snippet":"max-snippet:-1","max-image-preview":"max-image-preview:large","max-video-preview":"max-video-preview:-1"},"og_locale":"nl_NL","og_type":"article","og_title":"Virtual Reality (VR) in de Zorg | e-Health van Therapieland","og_description":"Virtual reality in de zorg is de perfecte aanvulling op jouw behandelingen en therapie\u00ebn. Bekijk de mogelijkheden van VR direct!","og_url":"https:\/\/therapieland.nl\/staging\/virtual-reality-support\/veiligheidsinstructies\/","og_site_name":"E-Health van Therapieland","article_modified_time":"2021-08-11T09:23:14+00:00","twitter_card":"summary_large_image","twitter_image":"https:\/\/therapieland.nl\/staging\/wp-content\/uploads\/2019\/12\/therapieland_virtualreality_header.svg","twitter_misc":{"Geschatte leestijd":"5 minuten"},"schema":{"@context":"https:\/\/schema.org","@graph":[{"@type":"Organization","@id":"https:\/\/therapieland.nl\/staging\/#organization","name":"Therapieland","url":"https:\/\/therapieland.nl\/staging\/","sameAs":[],"logo":{"@type":"ImageObject","inLanguage":"nl","@id":"https:\/\/therapieland.nl\/staging\/#\/schema\/logo\/image\/","url":"https:\/\/therapieland.nl\/staging\/wp-content\/uploads\/2019\/11\/therapieland-logo.png","contentUrl":"https:\/\/therapieland.nl\/staging\/wp-content\/uploads\/2019\/11\/therapieland-logo.png","width":200,"height":60,"caption":"Therapieland"},"image":{"@id":"https:\/\/therapieland.nl\/staging\/#\/schema\/logo\/image\/"}},{"@type":"WebSite","@id":"https:\/\/therapieland.nl\/staging\/#website","url":"https:\/\/therapieland.nl\/staging\/","name":"E-Health van Therapieland","description":"Just another WordPress site","publisher":{"@id":"https:\/\/therapieland.nl\/staging\/#organization"},"potentialAction":[{"@type":"SearchAction","target":{"@type":"EntryPoint","urlTemplate":"https:\/\/therapieland.nl\/staging\/?s={search_term_string}"},"query-input":"required name=search_term_string"}],"inLanguage":"nl"},{"@type":"ImageObject","inLanguage":"nl","@id":"https:\/\/therapieland.nl\/staging\/virtual-reality-support\/veiligheidsinstructies\/#primaryimage","url":"https:\/\/therapieland.nl\/staging\/wp-content\/uploads\/2019\/12\/therapieland_virtualreality_header.svg","contentUrl":"https:\/\/therapieland.nl\/staging\/wp-content\/uploads\/2019\/12\/therapieland_virtualreality_header.svg","width":1920,"height":400},{"@type":"WebPage","@id":"https:\/\/therapieland.nl\/staging\/virtual-reality-support\/veiligheidsinstructies\/#webpage","url":"https:\/\/therapieland.nl\/staging\/virtual-reality-support\/veiligheidsinstructies\/","name":"Virtual Reality (VR) in de Zorg | e-Health van Therapieland","isPartOf":{"@id":"https:\/\/therapieland.nl\/staging\/#website"},"primaryImageOfPage":{"@id":"https:\/\/therapieland.nl\/staging\/virtual-reality-support\/veiligheidsinstructies\/#primaryimage"},"datePublished":"2021-08-10T13:34:15+00:00","dateModified":"2021-08-11T09:23:14+00:00","description":"Virtual reality in de zorg is de perfecte aanvulling op jouw behandelingen en therapie\u00ebn. Bekijk de mogelijkheden van VR direct!","breadcrumb":{"@id":"https:\/\/therapieland.nl\/staging\/virtual-reality-support\/veiligheidsinstructies\/#breadcrumb"},"inLanguage":"nl","potentialAction":[{"@type":"ReadAction","target":["https:\/\/therapieland.nl\/staging\/virtual-reality-support\/veiligheidsinstructies\/"]}]},{"@type":"BreadcrumbList","@id":"https:\/\/therapieland.nl\/staging\/virtual-reality-support\/veiligheidsinstructies\/#breadcrumb","itemListElement":[{"@type":"ListItem","position":1,"name":"e-Health","item":"https:\/\/therapieland.nl\/staging\/"},{"@type":"ListItem","position":2,"name":"Virtual Reality &#8211; support pagina","item":"https:\/\/therapieland.nl\/staging\/virtual-reality-support\/"},{"@type":"ListItem","position":3,"name":"Blikopener &#8211; Veiligheidsinstructies"}]}]}},"_links":{"self":[{"href":"https:\/\/therapieland.nl\/staging\/wp-json\/wp\/v2\/pages\/10696"}],"collection":[{"href":"https:\/\/therapieland.nl\/staging\/wp-json\/wp\/v2\/pages"}],"about":[{"href":"https:\/\/therapieland.nl\/staging\/wp-json\/wp\/v2\/types\/page"}],"author":[{"embeddable":true,"href":"https:\/\/therapieland.nl\/staging\/wp-json\/wp\/v2\/users\/6"}],"replies":[{"embeddable":true,"href":"https:\/\/therapieland.nl\/staging\/wp-json\/wp\/v2\/comments?post=10696"}],"version-history":[{"count":16,"href":"https:\/\/therapieland.nl\/staging\/wp-json\/wp\/v2\/pages\/10696\/revisions"}],"predecessor-version":[{"id":10718,"href":"https:\/\/therapieland.nl\/staging\/wp-json\/wp\/v2\/pages\/10696\/revisions\/10718"}],"up":[{"embeddable":true,"href":"https:\/\/therapieland.nl\/staging\/wp-json\/wp\/v2\/pages\/10564"}],"wp:featuredmedia":[{"embeddable":true,"href":"https:\/\/therapieland.nl\/staging\/wp-json\/wp\/v2\/media\/1280"}],"wp:attachment":[{"href":"https:\/\/therapieland.nl\/staging\/wp-json\/wp\/v2\/media?parent=10696"}],"curies":[{"name":"wp","href":"https:\/\/api.w.org\/{rel}","templated":true}]}}