{"id":10659,"date":"2021-07-29T12:39:48","date_gmt":"2021-07-29T12:39:48","guid":{"rendered":"https:\/\/therapieland.nl\/staging\/?page_id=10659"},"modified":"2021-07-29T12:40:48","modified_gmt":"2021-07-29T12:40:48","slug":"tips-voor-thuis","status":"publish","type":"page","link":"https:\/\/therapieland.nl\/staging\/virtual-reality-support\/tips-voor-thuis\/","title":{"rendered":"Blikopener &#8211; Tips voor thuis"},"content":{"rendered":"<p>[vc_row][vc_column][vc_empty_space height=&#8221;80px&#8221;][\/vc_column][\/vc_row][vc_row][vc_column width=&#8221;1\/2&#8243;][vc_empty_space][vc_column_text]<\/p>\n<h2 style=\"text-align: left;\"><strong>Tips voor gebruik thuis\u00a0<\/strong><\/h2>\n<p>&nbsp;<\/p>\n<p class=\"p1\">Wil je jouw cli\u00ebnten thuis laten oefenen met VR? Lees dan eerst onderstaande tips!<\/p>\n<p>[\/vc_column_text][vc_empty_space][\/vc_column][vc_column width=&#8221;1\/2&#8243;][vc_single_image image=&#8221;9870&#8243; img_size=&#8221;medium&#8221; alignment=&#8221;center&#8221;][vc_empty_space height=&#8221;40px&#8221;][\/vc_column][\/vc_row][vc_row][vc_column][vc_empty_space height=&#8221;80px&#8221;][\/vc_column][\/vc_row][vc_row][vc_column width=&#8221;1\/2&#8243;][vc_empty_space][vc_single_image image=&#8221;10644&#8243; img_size=&#8221;medium&#8221; alignment=&#8221;center&#8221;][vc_empty_space][\/vc_column][vc_column width=&#8221;1\/2&#8243;][vc_empty_space height=&#8221;40px&#8221;][vc_column_text]<\/p>\n<h2 style=\"text-align: left;\"><strong>Tip 1: Samen verkennen<\/strong><\/h2>\n<p>&nbsp;<\/p>\n<p class=\"p1\"><span style=\"font-weight: 400;\">Gebruik de app de eerste keer altijd samen met de cli\u00ebnt, om de cli\u00ebnt te helpen bij het opstarten van de app, maar ook om te zien hoe de cli\u00ebnt reageert op de exposure-oefeningen. Op deze manier weten cli\u00ebnten wat ze in het vervolg kunnen verwachten en kun jij inschatten of de cli\u00ebnt de app zelfstandig thuis veilig kan inzetten of niet. <\/span><\/p>\n<p>[\/vc_column_text][vc_empty_space height=&#8221;40px&#8221;][vc_empty_space height=&#8221;40px&#8221;][\/vc_column][\/vc_row][vc_row][vc_column width=&#8221;1\/2&#8243;][vc_empty_space height=&#8221;10px&#8221;][vc_single_image image=&#8221;10648&#8243; img_size=&#8221;medium&#8221; alignment=&#8221;center&#8221;][vc_empty_space][\/vc_column][vc_column width=&#8221;1\/2&#8243;][vc_empty_space height=&#8221;40px&#8221;][vc_column_text]<\/p>\n<h2 style=\"text-align: left;\"><strong>Tip 2: Laat de cli\u00ebnt instructies volgen<\/strong><\/h2>\n<p>&nbsp;<\/p>\n<p class=\"p1\">Wanneer je als behandelaar verwacht dat de cli\u00ebnt<span style=\"font-weight: 400;\"> de app zelfstandig thuis veilig kan inzetten dien je de cli\u00ebnt duidelijke instructies te geven van hoe hij of zij de app thuis goed kunnen inzetten.\u00a0<\/span><\/p>\n<p>[\/vc_column_text][vc_empty_space height=&#8221;40px&#8221;][vc_empty_space height=&#8221;40px&#8221;][\/vc_column][\/vc_row][vc_row disable_element=&#8221;yes&#8221;][vc_column][vc_empty_space height=&#8221;75px&#8221;][\/vc_column][\/vc_row][vc_row][vc_column][\/vc_column][\/vc_row][vc_row][vc_column][vc_empty_space height=&#8221;50px&#8221;][vc_empty_space height=&#8221;50px&#8221;][\/vc_column][\/vc_row][vc_row el_class=&#8221;row-footer-contactform row-alg-center&#8221;][vc_column width=&#8221;1\/2&#8243;][vc_column_text]<\/p>\n<h3>We beantwoorden graag je vragen<\/h3>\n<p>Heb jij nog vragen die niet worden beantwoord op deze pagina? Neem dan gerust contact met ons op.[\/vc_column_text][vc_empty_space height=&#8221;45px&#8221;]<div role=\"form\" class=\"wpcf7\" id=\"wpcf7-f7-o1\" lang=\"en-US\" dir=\"ltr\">\n<div class=\"screen-reader-response\"><p role=\"status\" aria-live=\"polite\" aria-atomic=\"true\"><\/p> <ul><\/ul><\/div>\n<form action=\"\/staging\/wp-json\/wp\/v2\/pages\/10659#wpcf7-f7-o1\" method=\"post\" class=\"wpcf7-form init\" novalidate=\"novalidate\" data-status=\"init\">\n<div style=\"display: none;\">\n<input type=\"hidden\" name=\"_wpcf7\" value=\"7\" \/>\n<input type=\"hidden\" name=\"_wpcf7_version\" value=\"5.5.6.1\" \/>\n<input type=\"hidden\" name=\"_wpcf7_locale\" value=\"en_US\" \/>\n<input type=\"hidden\" name=\"_wpcf7_unit_tag\" value=\"wpcf7-f7-o1\" \/>\n<input type=\"hidden\" name=\"_wpcf7_container_post\" value=\"0\" \/>\n<input type=\"hidden\" name=\"_wpcf7_posted_data_hash\" value=\"\" \/>\n<\/div>\n<div class=\"input-field full-field\">\n  <label>Je voor- & achternaam<\/label><br \/>\n  <span class=\"wpcf7-form-control-wrap your-name\"><input type=\"text\" name=\"your-name\" value=\"\" size=\"40\" class=\"wpcf7-form-control wpcf7-text wpcf7-validates-as-required\" aria-required=\"true\" aria-invalid=\"false\" \/><\/span>\n<\/div>\n<div class=\"input-field full-field\">\n  <label>Je e-mailadres<\/label><br \/>\n  <span class=\"wpcf7-form-control-wrap your-email\"><input type=\"email\" name=\"your-email\" value=\"\" size=\"40\" class=\"wpcf7-form-control wpcf7-text wpcf7-email wpcf7-validates-as-required wpcf7-validates-as-email\" aria-required=\"true\" aria-invalid=\"false\" \/><\/span>\n<\/div>\n<div class=\"input-field full-field\">\n  <label>Je telefoonnummer (optioneel, maar wel handig)<\/label><br \/>\n  <span class=\"wpcf7-form-control-wrap your-tel\"><input type=\"tel\" name=\"your-tel\" value=\"\" size=\"40\" class=\"wpcf7-form-control wpcf7-text wpcf7-tel wpcf7-validates-as-tel\" aria-invalid=\"false\" \/><\/span>\n<\/div>\n<div class=\"input-field full-field\">\n  <label>Mijn functie (optioneel)<\/label><br \/>\n  <span class=\"wpcf7-form-control-wrap your-interviewer\"><select name=\"your-interviewer\" class=\"wpcf7-form-control wpcf7-select\" aria-invalid=\"false\"><option value=\"...\">...<\/option><option value=\"Ik werk als POH\/huisarts\">Ik werk als POH\/huisarts<\/option><option value=\"Ik werk als hulpverlener in de GGZ\">Ik werk als hulpverlener in de GGZ<\/option><option value=\"Ik werk als hulpverlener in een ziekenhuis\">Ik werk als hulpverlener in een ziekenhuis<\/option><option value=\"Anders\">Anders<\/option><\/select><\/span>\n<\/div>\n<div class=\"input-field full-field\">\n  <label>Wat is je vraag?<\/label><br \/>\n  <span class=\"wpcf7-form-control-wrap your-message\"><textarea name=\"your-message\" cols=\"40\" rows=\"10\" class=\"wpcf7-form-control wpcf7-textarea wpcf7-validates-as-required\" aria-required=\"true\" aria-invalid=\"false\"><\/textarea><\/span>\n<\/div>\n<p>[c4wp_nocaptcha g-recaptcha-response]<\/p>\n<div class=\"submit-field full-field\">\n  <input type=\"submit\" value=\"Verstuur je vraag\" class=\"wpcf7-form-control has-spinner wpcf7-submit btn-flat-green btn-arrow-smlwhite\" \/><br \/>\n  <span class=\"wpcf7-form-control-wrap page-title\"><input type=\"hidden\" name=\"page-title\" value=\"Blikopener - Tips voor thuis\" size=\"40\" class=\"wpcf7-form-control wpcf7dtx-dynamictext wpcf7-dynamichidden\" aria-invalid=\"false\" \/><\/span>\n<\/div>\n<input type='hidden' class='wpcf7-pum' value='{\"closepopup\":false,\"closedelay\":0,\"openpopup\":false,\"openpopup_id\":0}' \/><div class=\"wpcf7-response-output\" aria-hidden=\"true\"><\/div><\/form><\/div>[\/vc_column][vc_column width=&#8221;1\/2&#8243;][vc_single_image image=&#8221;208&#8243; img_size=&#8221;full&#8221;][vc_empty_space height=&#8221;35px&#8221;][vc_column_text]<strong>Liever direct contact?<\/strong>[\/vc_column_text][vc_empty_space height=&#8221;10px&#8221;][vc_row_inner el_class=&#8221;innerrow-other-contact&#8221;][vc_column_inner width=&#8221;1\/2&#8243;][vc_column_text]Therapieland<br \/>\nNieuwendammerdijk 528<br \/>\n1023 BX Amsterdam<br \/>\nmaandag t\/m vrijdag 9u-17u[\/vc_column_text][\/vc_column_inner][vc_column_inner width=&#8221;1\/2&#8243;][vc_column_text]<\/p>\n<ul>\n<li><a href=\"tel:020 7712848\">020 7712848<\/a><\/li>\n<li><a href=\"mailto:info@therapieland.nl\">info@therapieland.nl<\/a><\/li>\n<\/ul>\n<p>[\/vc_column_text][\/vc_column_inner][\/vc_row_inner][\/vc_column][\/vc_row][vc_row][vc_column][vc_empty_space height=&#8221;150px&#8221;][\/vc_column][\/vc_row][vc_row][vc_column][\/vc_column][\/vc_row][vc_row][vc_column][\/vc_column][\/vc_row]<\/p>\n","protected":false},"excerpt":{"rendered":"<p>[vc_row][vc_column][vc_empty_space height=&#8221;80px&#8221;][\/vc_column][\/vc_row][vc_row][vc_column width=&#8221;1\/2&#8243;][vc_empty_space][vc_column_text] Tips voor gebruik thuis\u00a0 &nbsp; Wil je jouw cli\u00ebnten thuis laten oefenen met VR? Lees dan eerst<\/p>\n","protected":false},"author":6,"featured_media":1280,"parent":10564,"menu_order":0,"comment_status":"closed","ping_status":"closed","template":"","meta":[],"acf":[],"yoast_head":"<!-- This site is optimized with the Yoast SEO plugin v18.9 - https:\/\/yoast.com\/wordpress\/plugins\/seo\/ -->\n<title>Virtual Reality (VR) in de Zorg | e-Health van Therapieland<\/title>\n<meta name=\"description\" content=\"Virtual reality in de zorg is de perfecte aanvulling op jouw behandelingen en therapie\u00ebn. Bekijk de mogelijkheden van VR direct!\" \/>\n<meta name=\"robots\" content=\"noindex, follow, max-snippet:-1, max-image-preview:large, max-video-preview:-1\" \/>\n<meta property=\"og:locale\" content=\"nl_NL\" \/>\n<meta property=\"og:type\" content=\"article\" \/>\n<meta property=\"og:title\" content=\"Virtual Reality (VR) in de Zorg | e-Health van Therapieland\" \/>\n<meta property=\"og:description\" content=\"Virtual reality in de zorg is de perfecte aanvulling op jouw behandelingen en therapie\u00ebn. Bekijk de mogelijkheden van VR direct!\" \/>\n<meta property=\"og:url\" content=\"https:\/\/therapieland.nl\/staging\/virtual-reality-support\/tips-voor-thuis\/\" \/>\n<meta property=\"og:site_name\" content=\"E-Health van Therapieland\" \/>\n<meta property=\"article:modified_time\" content=\"2021-07-29T12:40:48+00:00\" \/>\n<meta name=\"twitter:card\" content=\"summary_large_image\" \/>\n<meta name=\"twitter:image\" content=\"https:\/\/therapieland.nl\/staging\/wp-content\/uploads\/2019\/12\/therapieland_virtualreality_header.svg\" \/>\n<meta name=\"twitter:label1\" content=\"Geschatte leestijd\" \/>\n\t<meta name=\"twitter:data1\" content=\"1 minuut\" \/>\n<script type=\"application\/ld+json\" class=\"yoast-schema-graph\">{\"@context\":\"https:\/\/schema.org\",\"@graph\":[{\"@type\":\"Organization\",\"@id\":\"https:\/\/therapieland.nl\/staging\/#organization\",\"name\":\"Therapieland\",\"url\":\"https:\/\/therapieland.nl\/staging\/\",\"sameAs\":[],\"logo\":{\"@type\":\"ImageObject\",\"inLanguage\":\"nl\",\"@id\":\"https:\/\/therapieland.nl\/staging\/#\/schema\/logo\/image\/\",\"url\":\"https:\/\/therapieland.nl\/staging\/wp-content\/uploads\/2019\/11\/therapieland-logo.png\",\"contentUrl\":\"https:\/\/therapieland.nl\/staging\/wp-content\/uploads\/2019\/11\/therapieland-logo.png\",\"width\":200,\"height\":60,\"caption\":\"Therapieland\"},\"image\":{\"@id\":\"https:\/\/therapieland.nl\/staging\/#\/schema\/logo\/image\/\"}},{\"@type\":\"WebSite\",\"@id\":\"https:\/\/therapieland.nl\/staging\/#website\",\"url\":\"https:\/\/therapieland.nl\/staging\/\",\"name\":\"E-Health van Therapieland\",\"description\":\"Just another WordPress site\",\"publisher\":{\"@id\":\"https:\/\/therapieland.nl\/staging\/#organization\"},\"potentialAction\":[{\"@type\":\"SearchAction\",\"target\":{\"@type\":\"EntryPoint\",\"urlTemplate\":\"https:\/\/therapieland.nl\/staging\/?s={search_term_string}\"},\"query-input\":\"required name=search_term_string\"}],\"inLanguage\":\"nl\"},{\"@type\":\"ImageObject\",\"inLanguage\":\"nl\",\"@id\":\"https:\/\/therapieland.nl\/staging\/virtual-reality-support\/tips-voor-thuis\/#primaryimage\",\"url\":\"https:\/\/therapieland.nl\/staging\/wp-content\/uploads\/2019\/12\/therapieland_virtualreality_header.svg\",\"contentUrl\":\"https:\/\/therapieland.nl\/staging\/wp-content\/uploads\/2019\/12\/therapieland_virtualreality_header.svg\",\"width\":1920,\"height\":400},{\"@type\":\"WebPage\",\"@id\":\"https:\/\/therapieland.nl\/staging\/virtual-reality-support\/tips-voor-thuis\/#webpage\",\"url\":\"https:\/\/therapieland.nl\/staging\/virtual-reality-support\/tips-voor-thuis\/\",\"name\":\"Virtual Reality (VR) in de Zorg | e-Health van Therapieland\",\"isPartOf\":{\"@id\":\"https:\/\/therapieland.nl\/staging\/#website\"},\"primaryImageOfPage\":{\"@id\":\"https:\/\/therapieland.nl\/staging\/virtual-reality-support\/tips-voor-thuis\/#primaryimage\"},\"datePublished\":\"2021-07-29T12:39:48+00:00\",\"dateModified\":\"2021-07-29T12:40:48+00:00\",\"description\":\"Virtual reality in de zorg is de perfecte aanvulling op jouw behandelingen en therapie\u00ebn. Bekijk de mogelijkheden van VR direct!\",\"breadcrumb\":{\"@id\":\"https:\/\/therapieland.nl\/staging\/virtual-reality-support\/tips-voor-thuis\/#breadcrumb\"},\"inLanguage\":\"nl\",\"potentialAction\":[{\"@type\":\"ReadAction\",\"target\":[\"https:\/\/therapieland.nl\/staging\/virtual-reality-support\/tips-voor-thuis\/\"]}]},{\"@type\":\"BreadcrumbList\",\"@id\":\"https:\/\/therapieland.nl\/staging\/virtual-reality-support\/tips-voor-thuis\/#breadcrumb\",\"itemListElement\":[{\"@type\":\"ListItem\",\"position\":1,\"name\":\"e-Health\",\"item\":\"https:\/\/therapieland.nl\/staging\/\"},{\"@type\":\"ListItem\",\"position\":2,\"name\":\"Virtual Reality &#8211; support pagina\",\"item\":\"https:\/\/therapieland.nl\/staging\/virtual-reality-support\/\"},{\"@type\":\"ListItem\",\"position\":3,\"name\":\"Blikopener &#8211; Tips voor thuis\"}]}]}<\/script>\n<!-- \/ Yoast SEO plugin. -->","yoast_head_json":{"title":"Virtual Reality (VR) in de Zorg | e-Health van Therapieland","description":"Virtual reality in de zorg is de perfecte aanvulling op jouw behandelingen en therapie\u00ebn. Bekijk de mogelijkheden van VR direct!","robots":{"index":"noindex","follow":"follow","max-snippet":"max-snippet:-1","max-image-preview":"max-image-preview:large","max-video-preview":"max-video-preview:-1"},"og_locale":"nl_NL","og_type":"article","og_title":"Virtual Reality (VR) in de Zorg | e-Health van Therapieland","og_description":"Virtual reality in de zorg is de perfecte aanvulling op jouw behandelingen en therapie\u00ebn. Bekijk de mogelijkheden van VR direct!","og_url":"https:\/\/therapieland.nl\/staging\/virtual-reality-support\/tips-voor-thuis\/","og_site_name":"E-Health van Therapieland","article_modified_time":"2021-07-29T12:40:48+00:00","twitter_card":"summary_large_image","twitter_image":"https:\/\/therapieland.nl\/staging\/wp-content\/uploads\/2019\/12\/therapieland_virtualreality_header.svg","twitter_misc":{"Geschatte leestijd":"1 minuut"},"schema":{"@context":"https:\/\/schema.org","@graph":[{"@type":"Organization","@id":"https:\/\/therapieland.nl\/staging\/#organization","name":"Therapieland","url":"https:\/\/therapieland.nl\/staging\/","sameAs":[],"logo":{"@type":"ImageObject","inLanguage":"nl","@id":"https:\/\/therapieland.nl\/staging\/#\/schema\/logo\/image\/","url":"https:\/\/therapieland.nl\/staging\/wp-content\/uploads\/2019\/11\/therapieland-logo.png","contentUrl":"https:\/\/therapieland.nl\/staging\/wp-content\/uploads\/2019\/11\/therapieland-logo.png","width":200,"height":60,"caption":"Therapieland"},"image":{"@id":"https:\/\/therapieland.nl\/staging\/#\/schema\/logo\/image\/"}},{"@type":"WebSite","@id":"https:\/\/therapieland.nl\/staging\/#website","url":"https:\/\/therapieland.nl\/staging\/","name":"E-Health van Therapieland","description":"Just another WordPress site","publisher":{"@id":"https:\/\/therapieland.nl\/staging\/#organization"},"potentialAction":[{"@type":"SearchAction","target":{"@type":"EntryPoint","urlTemplate":"https:\/\/therapieland.nl\/staging\/?s={search_term_string}"},"query-input":"required name=search_term_string"}],"inLanguage":"nl"},{"@type":"ImageObject","inLanguage":"nl","@id":"https:\/\/therapieland.nl\/staging\/virtual-reality-support\/tips-voor-thuis\/#primaryimage","url":"https:\/\/therapieland.nl\/staging\/wp-content\/uploads\/2019\/12\/therapieland_virtualreality_header.svg","contentUrl":"https:\/\/therapieland.nl\/staging\/wp-content\/uploads\/2019\/12\/therapieland_virtualreality_header.svg","width":1920,"height":400},{"@type":"WebPage","@id":"https:\/\/therapieland.nl\/staging\/virtual-reality-support\/tips-voor-thuis\/#webpage","url":"https:\/\/therapieland.nl\/staging\/virtual-reality-support\/tips-voor-thuis\/","name":"Virtual Reality (VR) in de Zorg | e-Health van Therapieland","isPartOf":{"@id":"https:\/\/therapieland.nl\/staging\/#website"},"primaryImageOfPage":{"@id":"https:\/\/therapieland.nl\/staging\/virtual-reality-support\/tips-voor-thuis\/#primaryimage"},"datePublished":"2021-07-29T12:39:48+00:00","dateModified":"2021-07-29T12:40:48+00:00","description":"Virtual reality in de zorg is de perfecte aanvulling op jouw behandelingen en therapie\u00ebn. Bekijk de mogelijkheden van VR direct!","breadcrumb":{"@id":"https:\/\/therapieland.nl\/staging\/virtual-reality-support\/tips-voor-thuis\/#breadcrumb"},"inLanguage":"nl","potentialAction":[{"@type":"ReadAction","target":["https:\/\/therapieland.nl\/staging\/virtual-reality-support\/tips-voor-thuis\/"]}]},{"@type":"BreadcrumbList","@id":"https:\/\/therapieland.nl\/staging\/virtual-reality-support\/tips-voor-thuis\/#breadcrumb","itemListElement":[{"@type":"ListItem","position":1,"name":"e-Health","item":"https:\/\/therapieland.nl\/staging\/"},{"@type":"ListItem","position":2,"name":"Virtual Reality &#8211; support pagina","item":"https:\/\/therapieland.nl\/staging\/virtual-reality-support\/"},{"@type":"ListItem","position":3,"name":"Blikopener &#8211; Tips voor thuis"}]}]}},"_links":{"self":[{"href":"https:\/\/therapieland.nl\/staging\/wp-json\/wp\/v2\/pages\/10659"}],"collection":[{"href":"https:\/\/therapieland.nl\/staging\/wp-json\/wp\/v2\/pages"}],"about":[{"href":"https:\/\/therapieland.nl\/staging\/wp-json\/wp\/v2\/types\/page"}],"author":[{"embeddable":true,"href":"https:\/\/therapieland.nl\/staging\/wp-json\/wp\/v2\/users\/6"}],"replies":[{"embeddable":true,"href":"https:\/\/therapieland.nl\/staging\/wp-json\/wp\/v2\/comments?post=10659"}],"version-history":[{"count":4,"href":"https:\/\/therapieland.nl\/staging\/wp-json\/wp\/v2\/pages\/10659\/revisions"}],"predecessor-version":[{"id":10663,"href":"https:\/\/therapieland.nl\/staging\/wp-json\/wp\/v2\/pages\/10659\/revisions\/10663"}],"up":[{"embeddable":true,"href":"https:\/\/therapieland.nl\/staging\/wp-json\/wp\/v2\/pages\/10564"}],"wp:featuredmedia":[{"embeddable":true,"href":"https:\/\/therapieland.nl\/staging\/wp-json\/wp\/v2\/media\/1280"}],"wp:attachment":[{"href":"https:\/\/therapieland.nl\/staging\/wp-json\/wp\/v2\/media?parent=10659"}],"curies":[{"name":"wp","href":"https:\/\/api.w.org\/{rel}","templated":true}]}}